{"id":1060,"date":"2024-03-04T09:46:20","date_gmt":"2024-03-04T15:46:20","guid":{"rendered":"https:\/\/elf.burntarrowmedia.com\/our-network\/partners\/"},"modified":"2024-06-17T22:01:01","modified_gmt":"2024-06-18T03:01:01","slug":"partners","status":"publish","type":"page","link":"https:\/\/elf-canada.ca\/en\/our-network\/partners\/","title":{"rendered":"Partners"},"content":{"rendered":"<p>[et_pb_section fb_built=&#8221;1&#8243; custom_padding_last_edited=&#8221;on|tablet&#8221; _builder_version=&#8221;4.25.0&#8243; _module_preset=&#8221;dd39335c-bc1c-434f-8601-d5142689c68d&#8221; background_color_gradient_stops=&#8221;#00233f 34%|#68bc48 99%&#8221; custom_padding_tablet=&#8221;&#8221; custom_padding_phone=&#8221;&#8221; locked=&#8221;off&#8221; global_colors_info=&#8221;{}&#8221;][et_pb_row column_structure=&#8221;1_2,1_2&#8243; _builder_version=&#8221;4.25.1&#8243; _module_preset=&#8221;a746f92e-ca68-4252-a554-65e1bdb4d049&#8243; locked=&#8221;off&#8221; global_colors_info=&#8221;{}&#8221;][et_pb_column type=&#8221;1_2&#8243; _builder_version=&#8221;4.25.1&#8243; _module_preset=&#8221;ba35a736-80eb-4a15-a6b4-1fbf753f0171&#8243; custom_padding=&#8221;|6%||6%|false|true&#8221; global_colors_info=&#8221;{}&#8221;][et_pb_text _builder_version=&#8221;4.25.1&#8243; _module_preset=&#8221;ad7baa7a-8b5b-4ff9-8f79-2a128b024d03&#8243; global_colors_info=&#8221;{}&#8221;]<\/p>\n<h1>Our network<\/h1>\n<h2>OF PARTNERS<\/h2>\n<p>[\/et_pb_text][\/et_pb_column][et_pb_column type=&#8221;1_2&#8243; _builder_version=&#8221;4.24.2&#8243; _module_preset=&#8221;default&#8221; global_colors_info=&#8221;{}&#8221;][et_pb_image src=&#8221;https:\/\/elf-canada.ca\/wp-content\/uploads\/2024\/03\/ELF-Canada-Offres-emploi-header.png&#8221; title_text=&#8221;ELF-Canada-jobs-header&#8221; _builder_version=&#8221;4.24.2&#8243; _module_preset=&#8221;default&#8221; global_colors_info=&#8221;{}&#8221;][\/et_pb_image][\/et_pb_column][\/et_pb_row][\/et_pb_section][et_pb_section fb_built=&#8221;1&#8243; next_background_color=&#8221;#ffffff&#8221; _builder_version=&#8221;4.24.2&#8243; _module_preset=&#8221;default&#8221; background_color=&#8221;#e8f5ff&#8221; bottom_divider_style=&#8221;wave&#8221; bottom_divider_height=&#8221;20px&#8221; locked=&#8221;off&#8221; global_colors_info=&#8221;{}&#8221;][et_pb_row column_structure=&#8221;1_4,1_2,1_4&#8243; _builder_version=&#8221;4.24.2&#8243; _module_preset=&#8221;_initial&#8221; max_width=&#8221;80%&#8221; global_colors_info=&#8221;{}&#8221;][et_pb_column type=&#8221;1_4&#8243; _builder_version=&#8221;4.24.2&#8243; _module_preset=&#8221;default&#8221; global_colors_info=&#8221;{}&#8221;][\/et_pb_column][et_pb_column type=&#8221;1_2&#8243; _builder_version=&#8221;4.24.2&#8243; _module_preset=&#8221;default&#8221; global_colors_info=&#8221;{}&#8221;][et_pb_text _builder_version=&#8221;4.25.0&#8243; _module_preset=&#8221;default&#8221; header_2_font=&#8221;|700||on|||||&#8221; global_colors_info=&#8221;{}&#8221;]<\/p>\n<p>The following national organizations contribute to the vitality and sustainability of French-language educational institutions by having a direct or indirect interest in French-language minority education:<\/p>\n<p>[\/et_pb_text][\/et_pb_column][et_pb_column type=&#8221;1_4&#8243; _builder_version=&#8221;4.24.2&#8243; _module_preset=&#8221;default&#8221; global_colors_info=&#8221;{}&#8221;][\/et_pb_column][\/et_pb_row][et_pb_row column_structure=&#8221;1_4,1_4,1_4,1_4&#8243; use_custom_gutter=&#8221;on&#8221; gutter_width=&#8221;2&#8243; make_equal=&#8221;on&#8221; _builder_version=&#8221;4.25.0&#8243; _module_preset=&#8221;default&#8221; max_width=&#8221;80%&#8221; custom_padding=&#8221;||0px||false|false&#8221; global_colors_info=&#8221;{}&#8221;][et_pb_column type=&#8221;1_4&#8243; _builder_version=&#8221;4.25.0&#8243; _module_preset=&#8221;default&#8221; background_enable_color=&#8221;off&#8221; use_background_color_gradient=&#8221;on&#8221; background_color_gradient_direction=&#8221;150deg&#8221; background_color_gradient_stops=&#8221;#ffffff 85%|#bfe1ff 100%&#8221; border_radii=&#8221;on|15px|15px|15px|15px&#8221; global_colors_info=&#8221;{}&#8221;][et_pb_blurb title=&#8221;Association canadienne d\u2019\u00e9ducation de langue fran\u00e7aise (ACELF)&#8221; url=&#8221;http:\/\/www.acelf.ca\/&#8221; url_new_window=&#8221;on&#8221; image=&#8221;https:\/\/elf-canada.ca\/wp-content\/uploads\/2024\/05\/acelf.png&#8221; _builder_version=&#8221;4.25.0&#8243; _module_preset=&#8221;04eda294-d77b-4533-81d7-693382bd757c&#8221; link_option_url=&#8221;http:\/\/www.acelf.ca\/&#8221; link_option_url_new_window=&#8221;on&#8221; global_colors_info=&#8221;{}&#8221;][\/et_pb_blurb][\/et_pb_column][et_pb_column type=&#8221;1_4&#8243; _builder_version=&#8221;4.25.0&#8243; _module_preset=&#8221;default&#8221; background_enable_color=&#8221;off&#8221; use_background_color_gradient=&#8221;on&#8221; background_color_gradient_direction=&#8221;150deg&#8221; background_color_gradient_stops=&#8221;#ffffff 85%|#bfe1ff 100%&#8221; border_radii=&#8221;on|15px|15px|15px|15px&#8221; global_colors_info=&#8221;{}&#8221;][et_pb_blurb title=&#8221;Association des coll\u00e8ges et universit\u00e9s de la francophonie canadienne (ACUFC)&#8221; url=&#8221;http:\/\/www.acufc.ca\/&#8221; url_new_window=&#8221;on&#8221; image=&#8221;https:\/\/elf-canada.ca\/wp-content\/uploads\/2024\/05\/ACUFC-logo.png&#8221; image_icon_width=&#8221;80%&#8221; image_icon_width_tablet=&#8221;80%&#8221; image_icon_width_phone=&#8221;80%&#8221; image_icon_width_last_edited=&#8221;on|phone&#8221; _builder_version=&#8221;4.25.0&#8243; _module_preset=&#8221;04eda294-d77b-4533-81d7-693382bd757c&#8221; link_option_url=&#8221;http:\/\/www.acufc.ca\/&#8221; link_option_url_new_window=&#8221;on&#8221; global_colors_info=&#8221;{}&#8221;][\/et_pb_blurb][\/et_pb_column][et_pb_column type=&#8221;1_4&#8243; _builder_version=&#8221;4.25.0&#8243; _module_preset=&#8221;default&#8221; background_enable_color=&#8221;off&#8221; use_background_color_gradient=&#8221;on&#8221; background_color_gradient_direction=&#8221;150deg&#8221; background_color_gradient_stops=&#8221;#ffffff 85%|#bfe1ff 100%&#8221; border_radii=&#8221;on|15px|15px|15px|15px&#8221; global_colors_info=&#8221;{}&#8221;][et_pb_blurb title=&#8221;Commission nationale des parents francophones (CNPF)&#8221; url=&#8221;http:\/\/www.cnpf.ca\/&#8221; url_new_window=&#8221;on&#8221; image=&#8221;https:\/\/elf-canada.ca\/wp-content\/uploads\/2024\/05\/cnpf-logo.png&#8221; image_icon_width=&#8221;80%&#8221; image_icon_width_tablet=&#8221;80%&#8221; image_icon_width_phone=&#8221;80%&#8221; image_icon_width_last_edited=&#8221;on|phone&#8221; _builder_version=&#8221;4.25.0&#8243; _module_preset=&#8221;04eda294-d77b-4533-81d7-693382bd757c&#8221; link_option_url=&#8221;http:\/\/www.cnpf.ca\/&#8221; link_option_url_new_window=&#8221;on&#8221; global_colors_info=&#8221;{}&#8221;][\/et_pb_blurb][\/et_pb_column][et_pb_column type=&#8221;1_4&#8243; _builder_version=&#8221;4.25.0&#8243; _module_preset=&#8221;default&#8221; background_enable_color=&#8221;off&#8221; use_background_color_gradient=&#8221;on&#8221; background_color_gradient_direction=&#8221;150deg&#8221; background_color_gradient_stops=&#8221;#ffffff 85%|#bfe1ff 100%&#8221; border_radii=&#8221;on|15px|15px|15px|15px&#8221; global_colors_info=&#8221;{}&#8221;][et_pb_blurb title=&#8221;F\u00e9d\u00e9ration culturelle canadienne-fran\u00e7aise (FCCF)&#8221; url=&#8221;http:\/\/fccf.ca\/&#8221; url_new_window=&#8221;on&#8221; image=&#8221;https:\/\/elf-canada.ca\/wp-content\/uploads\/2024\/05\/FCCF-Logo.png&#8221; image_icon_width=&#8221;60%&#8221; image_icon_width_tablet=&#8221;50%&#8221; image_icon_width_phone=&#8221;40%&#8221; image_icon_width_last_edited=&#8221;on|phone&#8221; _builder_version=&#8221;4.25.0&#8243; _module_preset=&#8221;04eda294-d77b-4533-81d7-693382bd757c&#8221; link_option_url=&#8221;http:\/\/fccf.ca\/&#8221; link_option_url_new_window=&#8221;on&#8221; global_colors_info=&#8221;{}&#8221;][\/et_pb_blurb][\/et_pb_column][\/et_pb_row][et_pb_row column_structure=&#8221;1_4,1_4,1_4,1_4&#8243; use_custom_gutter=&#8221;on&#8221; gutter_width=&#8221;2&#8243; make_equal=&#8221;on&#8221; _builder_version=&#8221;4.25.0&#8243; _module_preset=&#8221;default&#8221; max_width=&#8221;80%&#8221; custom_padding=&#8221;||0px||false|false&#8221; global_colors_info=&#8221;{}&#8221;][et_pb_column type=&#8221;1_4&#8243; _builder_version=&#8221;4.25.0&#8243; _module_preset=&#8221;default&#8221; background_enable_color=&#8221;off&#8221; use_background_color_gradient=&#8221;on&#8221; background_color_gradient_direction=&#8221;150deg&#8221; background_color_gradient_stops=&#8221;#ffffff 85%|#bfe1ff 100%&#8221; border_radii=&#8221;on|15px|15px|15px|15px&#8221; global_colors_info=&#8221;{}&#8221;][et_pb_blurb title=&#8221;F\u00e9d\u00e9ration canadienne des directions d\u2019\u00e9coles francophones (FCDEF)&#8221; url=&#8221;http:\/\/www.fcdef.ca\/&#8221; url_new_window=&#8221;on&#8221; image=&#8221;https:\/\/elf-canada.ca\/wp-content\/uploads\/2024\/05\/fcdef_logo.png&#8221; _builder_version=&#8221;4.25.0&#8243; _module_preset=&#8221;04eda294-d77b-4533-81d7-693382bd757c&#8221; link_option_url=&#8221;http:\/\/www.fcdef.ca\/&#8221; link_option_url_new_window=&#8221;on&#8221; global_colors_info=&#8221;{}&#8221;][\/et_pb_blurb][\/et_pb_column][et_pb_column type=&#8221;1_4&#8243; _builder_version=&#8221;4.25.0&#8243; _module_preset=&#8221;default&#8221; background_enable_color=&#8221;off&#8221; use_background_color_gradient=&#8221;on&#8221; background_color_gradient_direction=&#8221;150deg&#8221; background_color_gradient_stops=&#8221;#ffffff 85%|#bfe1ff 100%&#8221; border_radii=&#8221;on|15px|15px|15px|15px&#8221; global_colors_info=&#8221;{}&#8221;][et_pb_blurb title=&#8221;F\u00e9d\u00e9ration canadienne des enseignantes et enseignants (FCE) \/ Canadian Teachers\u2019 Federation (CTF)&#8221; url=&#8221;http:\/\/ctf-fce.ca\/&#8221; url_new_window=&#8221;on&#8221; image=&#8221;https:\/\/elf-canada.ca\/wp-content\/uploads\/2024\/05\/ctffcelogo.png&#8221; image_icon_width=&#8221;80%&#8221; image_icon_width_tablet=&#8221;80%&#8221; image_icon_width_phone=&#8221;80%&#8221; image_icon_width_last_edited=&#8221;on|phone&#8221; _builder_version=&#8221;4.25.0&#8243; _module_preset=&#8221;04eda294-d77b-4533-81d7-693382bd757c&#8221; link_option_url=&#8221;http:\/\/ctf-fce.ca\/&#8221; link_option_url_new_window=&#8221;on&#8221; global_colors_info=&#8221;{}&#8221;][\/et_pb_blurb][\/et_pb_column][et_pb_column type=&#8221;1_4&#8243; _builder_version=&#8221;4.25.0&#8243; _module_preset=&#8221;default&#8221; background_enable_color=&#8221;off&#8221; use_background_color_gradient=&#8221;on&#8221; background_color_gradient_direction=&#8221;150deg&#8221; background_color_gradient_stops=&#8221;#ffffff 85%|#bfe1ff 100%&#8221; border_radii=&#8221;on|15px|15px|15px|15px&#8221; global_colors_info=&#8221;{}&#8221;][et_pb_blurb title=&#8221;F\u00e9d\u00e9ration de la jeunesse canadienne-fran\u00e7aise (FJCF)&#8221; url=&#8221;http:\/\/fjcf.ca\/&#8221; url_new_window=&#8221;on&#8221; image=&#8221;https:\/\/elf-canada.ca\/wp-content\/uploads\/2024\/05\/fjcf-logo.png&#8221; image_icon_width=&#8221;60%&#8221; image_icon_width_tablet=&#8221;50%&#8221; image_icon_width_phone=&#8221;40%&#8221; image_icon_width_last_edited=&#8221;on|phone&#8221; _builder_version=&#8221;4.25.0&#8243; _module_preset=&#8221;04eda294-d77b-4533-81d7-693382bd757c&#8221; link_option_url=&#8221;http:\/\/fjcf.ca\/&#8221; link_option_url_new_window=&#8221;on&#8221; global_colors_info=&#8221;{}&#8221;][\/et_pb_blurb][\/et_pb_column][et_pb_column type=&#8221;1_4&#8243; _builder_version=&#8221;4.25.0&#8243; _module_preset=&#8221;default&#8221; background_enable_color=&#8221;off&#8221; use_background_color_gradient=&#8221;on&#8221; background_color_gradient_direction=&#8221;150deg&#8221; background_color_gradient_stops=&#8221;#ffffff 85%|#bfe1ff 100%&#8221; border_radii=&#8221;on|15px|15px|15px|15px&#8221; global_colors_info=&#8221;{}&#8221;][et_pb_blurb title=&#8221;F\u00e9d\u00e9ration des communaut\u00e9s francophones et acadienne (FCFA) du Canada&#8221; url=&#8221;https:\/\/fcfa.ca\/&#8221; url_new_window=&#8221;on&#8221; image=&#8221;https:\/\/elf-canada.ca\/wp-content\/uploads\/2024\/05\/fcfa-logo.webp&#8221; image_icon_width=&#8221;60%&#8221; image_icon_width_tablet=&#8221;50%&#8221; image_icon_width_phone=&#8221;40%&#8221; image_icon_width_last_edited=&#8221;on|phone&#8221; _builder_version=&#8221;4.25.1&#8243; _module_preset=&#8221;04eda294-d77b-4533-81d7-693382bd757c&#8221; link_option_url=&#8221;https:\/\/fcfa.ca\/&#8221; link_option_url_new_window=&#8221;on&#8221; global_colors_info=&#8221;{}&#8221;][\/et_pb_blurb][\/et_pb_column][\/et_pb_row][et_pb_row column_structure=&#8221;1_4,1_4,1_4,1_4&#8243; use_custom_gutter=&#8221;on&#8221; gutter_width=&#8221;2&#8243; make_equal=&#8221;on&#8221; _builder_version=&#8221;4.25.0&#8243; _module_preset=&#8221;default&#8221; max_width=&#8221;80%&#8221; custom_padding=&#8221;||0px||false|false&#8221; global_colors_info=&#8221;{}&#8221;][et_pb_column type=&#8221;1_4&#8243; _builder_version=&#8221;4.25.0&#8243; _module_preset=&#8221;default&#8221; background_enable_color=&#8221;off&#8221; use_background_color_gradient=&#8221;on&#8221; background_color_gradient_direction=&#8221;150deg&#8221; background_color_gradient_stops=&#8221;#ffffff 85%|#bfe1ff 100%&#8221; border_radii=&#8221;on|15px|15px|15px|15px&#8221; global_colors_info=&#8221;{}&#8221;][et_pb_blurb title=&#8221;F\u00e9d\u00e9ration nationale des conseils scolaires francophones&#8221; url=&#8221;https:\/\/fncsf.ca\/&#8221; url_new_window=&#8221;on&#8221; image=&#8221;https:\/\/elf-canada.ca\/wp-content\/uploads\/2024\/05\/FNCSF_logo_slogan_couleur-1.png&#8221; image_icon_width=&#8221;60%&#8221; image_icon_width_tablet=&#8221;50%&#8221; image_icon_width_phone=&#8221;40%&#8221; image_icon_width_last_edited=&#8221;on|phone&#8221; _builder_version=&#8221;4.25.1&#8243; _module_preset=&#8221;04eda294-d77b-4533-81d7-693382bd757c&#8221; link_option_url=&#8221;https:\/\/fncsf.ca\/&#8221; link_option_url_new_window=&#8221;on&#8221; global_colors_info=&#8221;{}&#8221;][\/et_pb_blurb][\/et_pb_column][et_pb_column type=&#8221;1_4&#8243; _builder_version=&#8221;4.25.0&#8243; _module_preset=&#8221;default&#8221; background_enable_color=&#8221;off&#8221; use_background_color_gradient=&#8221;on&#8221; background_color_gradient_direction=&#8221;150deg&#8221; background_color_gradient_stops=&#8221;#ffffff 85%|#bfe1ff 100%&#8221; border_radii=&#8221;on|15px|15px|15px|15px&#8221; global_colors_info=&#8221;{}&#8221;][et_pb_blurb title=&#8221;Regroupement national des directions g\u00e9n\u00e9rales de l\u2019\u00e9ducation (RNDGE)&#8221; url=&#8221;https:\/\/fncsf.ca\/a-propos-rndge\/&#8221; url_new_window=&#8221;on&#8221; image=&#8221;https:\/\/elf-canada.ca\/wp-content\/uploads\/2024\/05\/Logo-RNDGE-_-Final.png&#8221; image_icon_width=&#8221;60%&#8221; image_icon_width_tablet=&#8221;50%&#8221; image_icon_width_phone=&#8221;40%&#8221; image_icon_width_last_edited=&#8221;on|phone&#8221; _builder_version=&#8221;4.25.1&#8243; _module_preset=&#8221;04eda294-d77b-4533-81d7-693382bd757c&#8221; link_option_url=&#8221;https:\/\/fncsf.ca\/a-propos-rndge\/&#8221; link_option_url_new_window=&#8221;on&#8221; global_colors_info=&#8221;{}&#8221;][\/et_pb_blurb][\/et_pb_column][et_pb_column type=&#8221;1_4&#8243; _builder_version=&#8221;4.25.0&#8243; _module_preset=&#8221;default&#8221; background_enable_color=&#8221;off&#8221; use_background_color_gradient=&#8221;on&#8221; background_color_gradient_direction=&#8221;150deg&#8221; background_color_gradient_stops=&#8221;#ffffff 85%|#bfe1ff 100%&#8221; border_radii=&#8221;on|15px|15px|15px|15px&#8221; global_colors_info=&#8221;{}&#8221;][et_pb_blurb title=&#8221;R\u00e9seau des c\u00e9geps et des coll\u00e8ges francophones du Canada (RCCFC)&#8221; url=&#8221;https:\/\/rccfc.ca\/&#8221; url_new_window=&#8221;on&#8221; image=&#8221;https:\/\/elf-canada.ca\/wp-content\/uploads\/2024\/05\/reseau-des-cegep-logo.png&#8221; _builder_version=&#8221;4.25.0&#8243; _module_preset=&#8221;04eda294-d77b-4533-81d7-693382bd757c&#8221; link_option_url=&#8221;https:\/\/rccfc.ca\/&#8221; link_option_url_new_window=&#8221;on&#8221; global_colors_info=&#8221;{}&#8221;][\/et_pb_blurb][\/et_pb_column][et_pb_column type=&#8221;1_4&#8243; _builder_version=&#8221;4.25.0&#8243; _module_preset=&#8221;default&#8221; background_enable_color=&#8221;off&#8221; use_background_color_gradient=&#8221;on&#8221; background_color_gradient_direction=&#8221;150deg&#8221; background_color_gradient_stops=&#8221;#ffffff 85%|#bfe1ff 100%&#8221; border_radii=&#8221;on|15px|15px|15px|15px&#8221; global_colors_info=&#8221;{}&#8221;][et_pb_blurb title=&#8221;R\u00e9seau pour le d\u00e9veloppement de l\u2019alphab\u00e9tisme et des comp\u00e9tences (RESDAC)&#8221; url=&#8221;http:\/\/resdac.net\/&#8221; url_new_window=&#8221;on&#8221; image=&#8221;https:\/\/elf-canada.ca\/wp-content\/uploads\/2024\/05\/resdac-logo.png&#8221; _builder_version=&#8221;4.25.0&#8243; _module_preset=&#8221;04eda294-d77b-4533-81d7-693382bd757c&#8221; link_option_url=&#8221;http:\/\/resdac.net\/&#8221; link_option_url_new_window=&#8221;on&#8221; global_colors_info=&#8221;{}&#8221;][\/et_pb_blurb][\/et_pb_column][\/et_pb_row][et_pb_row _builder_version=&#8221;4.25.0&#8243; _module_preset=&#8221;default&#8221; global_colors_info=&#8221;{}&#8221;][et_pb_column type=&#8221;4_4&#8243; _builder_version=&#8221;4.25.0&#8243; _module_preset=&#8221;default&#8221; global_colors_info=&#8221;{}&#8221;][et_pb_divider show_divider=&#8221;off&#8221; _builder_version=&#8221;4.25.0&#8243; _module_preset=&#8221;default&#8221; global_colors_info=&#8221;{}&#8221;][\/et_pb_divider][\/et_pb_column][\/et_pb_row][\/et_pb_section]<\/p>\n","protected":false},"excerpt":{"rendered":"<p>Our network OF PARTNERSThe following national organizations contribute to the vitality and sustainability of French-language educational institutions by having a direct or indirect interest in French-language minority education:<\/p>\n","protected":false},"author":1,"featured_media":0,"parent":1041,"menu_order":12,"comment_status":"closed","ping_status":"closed","template":"","meta":{"_acf_changed":false,"_et_pb_use_builder":"on","_et_pb_old_content":"","_et_gb_content_width":"","footnotes":""},"class_list":["post-1060","page","type-page","status-publish","hentry"],"acf":[],"_links":{"self":[{"href":"https:\/\/elf-canada.ca\/en\/wp-json\/wp\/v2\/pages\/1060","targetHints":{"allow":["GET"]}}],"collection":[{"href":"https:\/\/elf-canada.ca\/en\/wp-json\/wp\/v2\/pages"}],"about":[{"href":"https:\/\/elf-canada.ca\/en\/wp-json\/wp\/v2\/types\/page"}],"author":[{"embeddable":true,"href":"https:\/\/elf-canada.ca\/en\/wp-json\/wp\/v2\/users\/1"}],"replies":[{"embeddable":true,"href":"https:\/\/elf-canada.ca\/en\/wp-json\/wp\/v2\/comments?post=1060"}],"version-history":[{"count":0,"href":"https:\/\/elf-canada.ca\/en\/wp-json\/wp\/v2\/pages\/1060\/revisions"}],"up":[{"embeddable":true,"href":"https:\/\/elf-canada.ca\/en\/wp-json\/wp\/v2\/pages\/1041"}],"wp:attachment":[{"href":"https:\/\/elf-canada.ca\/en\/wp-json\/wp\/v2\/media?parent=1060"}],"curies":[{"name":"wp","href":"https:\/\/api.w.org\/{rel}","templated":true}]}}